{"id":9,"date":"2024-08-20T16:41:00","date_gmt":"2024-08-20T16:41:00","guid":{"rendered":"https:\/\/lesigna.inktales.org\/?page_id=9"},"modified":"2024-09-27T14:19:32","modified_gmt":"2024-09-27T14:19:32","slug":"home","status":"publish","type":"page","link":"https:\/\/lesigna.inktales.org\/","title":{"rendered":"Home"},"content":{"rendered":"\n<div style=\"height:35px\" aria-hidden=\"true\" class=\"wp-block-spacer\"><\/div>\n\n\n\n<div style=\"height:55px\" aria-hidden=\"true\" class=\"wp-block-spacer\"><\/div>\n\n\n\n<div class=\"wp-block-columns are-vertically-aligned-center has-background is-layout-flex wp-container-core-columns-is-layout-1 wp-block-columns-is-layout-flex\" style=\"background-color:#d3b38c\">\n<div class=\"wp-block-column is-vertically-aligned-center is-layout-flow wp-block-column-is-layout-flow\">\n<h2 class=\"wp-block-heading has-medium-font-size\"><strong>Lesigna &#8211; Expertin f\u00fcr Kosmetik-Schulungsb\u00fccher <\/strong><\/h2>\n\n\n\n<p>Lesigna ist eine erfahrene Autorin, die sich auf Kosmetik-Schulungsb\u00fccher spezialisiert hat. Ihre Werke bieten detaillierte Anleitungen zu Themen wie Wimpernverl\u00e4ngerung, Microblading, Augenbrauen-Styling und Nailart. Mit ihrem Fachwissen unterst\u00fctzt sie sowohl Anf\u00e4nger als auch Profis dabei, ihre F\u00e4higkeiten zu perfektionieren und ihr Wissen zu erweitern. Ihre B\u00fccher zeichnen sich durch praktische Tipps, klare Erkl\u00e4rungen und hochwertige Techniken aus, die den Weg zum Erfolg in der Beauty-Branche ebnen.<\/p>\n\n\n\n<div class=\"wp-block-buttons is-layout-flex wp-block-buttons-is-layout-flex\">\n<div class=\"wp-block-button\"><a class=\"wp-block-button__link wp-element-button\" href=\"https:\/\/www.lesigna.com\/shop-1\/\" target=\"_blank\" rel=\"noreferrer noopener\">Jetzt Autorenseite besuchen<\/a><\/div>\n<\/div>\n<\/div>\n\n\n\n<div class=\"wp-block-column is-vertically-aligned-center is-layout-flow wp-block-column-is-layout-flow\">\n<figure class=\"wp-block-image size-full is-resized vintage-photo\"><img loading=\"lazy\" decoding=\"async\" width=\"195\" height=\"259\" src=\"https:\/\/lesigna.inktales.org\/wp-content\/uploads\/2024\/09\/Download.jpeg\" alt=\"\" class=\"wp-image-100\" style=\"width:580px;height:auto\"\/><\/figure>\n<\/div>\n<\/div>\n\n\n\n<div class=\"wp-block-group alignfull has-background is-layout-constrained wp-container-core-group-is-layout-1 wp-block-group-is-layout-constrained\" style=\"background-color:#f4eee0;padding-bottom:0px\">\n<div class=\"wp-block-columns are-vertically-aligned-top diagonal-background is-layout-flex wp-container-core-columns-is-layout-2 wp-block-columns-is-layout-flex\">\n<div class=\"wp-block-column is-vertically-aligned-top is-layout-flow wp-container-core-column-is-layout-3 wp-block-column-is-layout-flow\">\n<figure class=\"wp-block-image size-full is-resized tilted-image\"><img loading=\"lazy\" decoding=\"async\" width=\"940\" height=\"788\" src=\"https:\/\/lesigna.inktales.org\/wp-content\/uploads\/2024\/09\/20240927_175839_0000.png\" alt=\"\" class=\"wp-image-107\" style=\"width:120px\" srcset=\"https:\/\/lesigna.inktales.org\/wp-content\/uploads\/2024\/09\/20240927_175839_0000.png 940w, https:\/\/lesigna.inktales.org\/wp-content\/uploads\/2024\/09\/20240927_175839_0000-300x251.png 300w, https:\/\/lesigna.inktales.org\/wp-content\/uploads\/2024\/09\/20240927_175839_0000-768x644.png 768w\" sizes=\"auto, (max-width: 940px) 100vw, 940px\" \/><\/figure>\n\n\n\n<h3 class=\"wp-block-heading has-text-align-left\" style=\"margin-top:16px\"><strong>Praxisnahe Anleitungen<\/strong><\/h3>\n\n\n\n<p class=\"has-text-align-left\">Lesigna vermittelt praxisorientiertes Wissen, das sofort in der Arbeit umgesetzt werden kann.<\/p>\n<\/div>\n\n\n\n<div class=\"wp-block-column is-vertically-aligned-top is-layout-flow wp-container-core-column-is-layout-4 wp-block-column-is-layout-flow\">\n<figure class=\"wp-block-image size-full is-resized\"><img loading=\"lazy\" decoding=\"async\" width=\"940\" height=\"788\" src=\"https:\/\/lesigna.inktales.org\/wp-content\/uploads\/2024\/09\/20240927_180100_0000.png\" alt=\"\" class=\"wp-image-109\" style=\"width:120px\" srcset=\"https:\/\/lesigna.inktales.org\/wp-content\/uploads\/2024\/09\/20240927_180100_0000.png 940w, https:\/\/lesigna.inktales.org\/wp-content\/uploads\/2024\/09\/20240927_180100_0000-300x251.png 300w, https:\/\/lesigna.inktales.org\/wp-content\/uploads\/2024\/09\/20240927_180100_0000-768x644.png 768w\" sizes=\"auto, (max-width: 940px) 100vw, 940px\" \/><\/figure>\n\n\n\n<h3 class=\"wp-block-heading has-text-align-left\" style=\"margin-top:16px\"><strong>Fachkompetenz in der Kosmetik<\/strong><\/h3>\n\n\n\n<p class=\"has-text-align-left\">Mit umfangreicher Erfahrung in den Bereichen Wimpern, Microblading, Augenbrauen und Nailart bietet sie tiefgehende Expertise.<\/p>\n<\/div>\n\n\n\n<div class=\"wp-block-column is-vertically-aligned-top is-layout-flow wp-container-core-column-is-layout-5 wp-block-column-is-layout-flow\">\n<figure class=\"wp-block-image size-full is-resized\"><img loading=\"lazy\" decoding=\"async\" width=\"940\" height=\"788\" src=\"https:\/\/lesigna.inktales.org\/wp-content\/uploads\/2024\/09\/20240927_180306_0000.png\" alt=\"\" class=\"wp-image-111\" style=\"width:120px\" srcset=\"https:\/\/lesigna.inktales.org\/wp-content\/uploads\/2024\/09\/20240927_180306_0000.png 940w, https:\/\/lesigna.inktales.org\/wp-content\/uploads\/2024\/09\/20240927_180306_0000-300x251.png 300w, https:\/\/lesigna.inktales.org\/wp-content\/uploads\/2024\/09\/20240927_180306_0000-768x644.png 768w\" sizes=\"auto, (max-width: 940px) 100vw, 940px\" \/><\/figure>\n\n\n\n<h3 class=\"wp-block-heading has-text-align-left\" style=\"margin-top:16px\"><strong>F\u00fcr Anf\u00e4nger und Profis geeignet<\/strong><\/h3>\n\n\n\n<p class=\"has-text-align-left\">Ihre Schulungsb\u00fccher sind leicht verst\u00e4ndlich und sowohl f\u00fcr Einsteiger als auch Fortgeschrittene ideal.<\/p>\n<\/div>\n<\/div>\n<\/div>\n\n\n\n<div class=\"wp-block-group alignfull has-background is-layout-constrained wp-container-core-group-is-layout-2 wp-block-group-is-layout-constrained\" id=\"services\" style=\"background-color:#f4eee0;padding-top:144px;padding-bottom:0px\">\n<h2 class=\"wp-block-heading\">Meisterwerke der Beauty-Expertise: Wimpern, Brows und Nails \u2013 Perfektion in jedem Detail<\/h2>\n\n\n\n<div class=\"wp-block-columns is-layout-flex wp-container-core-columns-is-layout-3 wp-block-columns-is-layout-flex\" style=\"margin-top:50px\">\n<div class=\"wp-block-column is-layout-flow wp-container-core-column-is-layout-6 wp-block-column-is-layout-flow\">\n<figure class=\"wp-block-image aligncenter size-full vintage-photo\"><img loading=\"lazy\" decoding=\"async\" width=\"312\" height=\"445\" src=\"https:\/\/lesigna.inktales.org\/wp-content\/uploads\/2024\/09\/414XK-84-NL._SY445_SX342_.jpg\" alt=\"\" class=\"wp-image-114\" srcset=\"https:\/\/lesigna.inktales.org\/wp-content\/uploads\/2024\/09\/414XK-84-NL._SY445_SX342_.jpg 312w, https:\/\/lesigna.inktales.org\/wp-content\/uploads\/2024\/09\/414XK-84-NL._SY445_SX342_-210x300.jpg 210w\" sizes=\"auto, (max-width: 312px) 100vw, 312px\" \/><\/figure>\n\n\n\n<h3 class=\"wp-block-heading\" style=\"margin-top:16px\"><strong>Powder &amp; Ombre Augenbrauen: Das umfassende Schulungsmaterial f\u00fcr semipermanentes Make-up<\/strong><\/h3>\n\n\n\n<p>Dieses Schulungsbuch f\u00fchrt dich Schritt f\u00fcr Schritt durch die Kunst der Pudertechnik und Ombre f\u00fcr semipermanentes Augenbrauen-Make-up. Von Hygienevorgaben im Salon bis hin zu fortgeschrittenen Techniken zur Vorzeichnung und Vermessung der Augenbrauen \u2013 alles, was du brauchst, um das PMU-Handwerk zu meistern. Ideal als Schulungsmaterial f\u00fcr dich selbst oder deine Sch\u00fclerinnen. Werde zur Expertin im Bereich Permanent Make-up!<\/p>\n<\/div>\n\n\n\n<div class=\"wp-block-column is-layout-flow wp-container-core-column-is-layout-7 wp-block-column-is-layout-flow\">\n<figure class=\"wp-block-image size-full vintage-photo-right\"><img loading=\"lazy\" decoding=\"async\" width=\"314\" height=\"445\" src=\"https:\/\/lesigna.inktales.org\/wp-content\/uploads\/2024\/09\/51hOzAf92kL._SY445_SX342_.jpg\" alt=\"\" class=\"wp-image-119\" srcset=\"https:\/\/lesigna.inktales.org\/wp-content\/uploads\/2024\/09\/51hOzAf92kL._SY445_SX342_.jpg 314w, https:\/\/lesigna.inktales.org\/wp-content\/uploads\/2024\/09\/51hOzAf92kL._SY445_SX342_-212x300.jpg 212w\" sizes=\"auto, (max-width: 314px) 100vw, 314px\" \/><\/figure>\n\n\n\n<h3 class=\"wp-block-heading\" style=\"margin-top:16px\"><strong>Das Microblading Kompendium: Dein unverzichtbares Nachschlagewerk f\u00fcr perfekte Augenbrauen<\/strong><\/h3>\n\n\n\n<p>Dieses umfassende Microblading-Buch bietet 145 Seiten voller Fachwissen, von intensiver Farbenlehre bis hin zu detaillierten Schritt-f\u00fcr-Schritt-Anleitungen f\u00fcr perfekte Augenbrauen. Es behandelt Themen, die oft in Schulungen zu kurz kommen, und ist ideal, um dein Wissen zu vertiefen. Mit praktischen \u00dcbungen und wichtigen Tipps zu Klingen, Hauttypen und Hygienestandards ist dieses Kompendium ein unverzichtbares Nachschlagewerk f\u00fcr angehende Profis im Bereich Microblading.<\/p>\n<\/div>\n\n\n\n<div class=\"wp-block-column is-layout-flow wp-container-core-column-is-layout-8 wp-block-column-is-layout-flow\">\n<figure class=\"wp-block-image aligncenter size-full vintage-photo-straight\"><img loading=\"lazy\" decoding=\"async\" width=\"360\" height=\"522\" src=\"https:\/\/lesigna.inktales.org\/wp-content\/uploads\/2024\/09\/71RRZsTfj8L._SY522_.jpg\" alt=\"\" class=\"wp-image-117\" srcset=\"https:\/\/lesigna.inktales.org\/wp-content\/uploads\/2024\/09\/71RRZsTfj8L._SY522_.jpg 360w, https:\/\/lesigna.inktales.org\/wp-content\/uploads\/2024\/09\/71RRZsTfj8L._SY522_-207x300.jpg 207w\" sizes=\"auto, (max-width: 360px) 100vw, 360px\" \/><\/figure>\n\n\n\n<h3 class=\"wp-block-heading\" style=\"margin-top:16px\"><strong>H\u00e4rchenzeichnung, Powder &amp; Ombre Technik: Deine Schulungsmappe f\u00fcr perfekte Augenbrauen<\/strong><\/h3>\n\n\n\n<p>Dieses umfassende Schulungsbuch lehrt dich die maschinelle H\u00e4rchenzeichnung, sowie die Puder- und Ombre-Technik f\u00fcr Augenbrauen. Egal, ob du gerade erst anf\u00e4ngst oder deine F\u00e4higkeiten weiterentwickeln m\u00f6chtest \u2013 mit Schritt-f\u00fcr-Schritt-Anleitungen und Expertenratschl\u00e4gen wirst du im Bereich Permanent Make-up zum Profi. Lass dich inspirieren und hebe deine Technik auf ein neues Level!<\/p>\n<\/div>\n<\/div>\n\n\n\n<div class=\"wp-block-buttons is-layout-flex wp-block-buttons-is-layout-flex\">\n<div class=\"wp-block-button\"><a class=\"wp-block-button__link has-text-align-center wp-element-button\" href=\"https:\/\/amzn.to\/4gK3TVA\" target=\"_blank\" rel=\"noreferrer noopener\">Zu den B\u00fcchern auf Amazon <\/a><\/div>\n<\/div>\n<\/div>\n\n\n\n<div class=\"wp-block-group alignfull has-background is-layout-constrained wp-container-core-group-is-layout-3 wp-block-group-is-layout-constrained\" id=\"about\" style=\"background-color:#f4eee0;padding-top:143px;padding-bottom:144px;background-position:59% 72%;\">\n<h2 class=\"wp-block-heading\" style=\"font-size:30px\">Perfektion in der Beauty-Welt: Lesigna&#8217;s Kosmetik-Schulungsb\u00fccher<\/h2>\n\n\n\n<figure class=\"wp-block-image aligncenter size-full is-resized vintage-photo-right\"><img loading=\"lazy\" decoding=\"async\" width=\"1024\" height=\"1024\" src=\"https:\/\/lesigna.inktales.org\/wp-content\/uploads\/2024\/09\/e2358914-2bfc-49cd-8d95-a4380047f37e.webp\" alt=\"\" class=\"wp-image-122\" style=\"width:574px;height:auto\" srcset=\"https:\/\/lesigna.inktales.org\/wp-content\/uploads\/2024\/09\/e2358914-2bfc-49cd-8d95-a4380047f37e.webp 1024w, https:\/\/lesigna.inktales.org\/wp-content\/uploads\/2024\/09\/e2358914-2bfc-49cd-8d95-a4380047f37e-300x300.webp 300w, https:\/\/lesigna.inktales.org\/wp-content\/uploads\/2024\/09\/e2358914-2bfc-49cd-8d95-a4380047f37e-150x150.webp 150w, https:\/\/lesigna.inktales.org\/wp-content\/uploads\/2024\/09\/e2358914-2bfc-49cd-8d95-a4380047f37e-768x768.webp 768w\" sizes=\"auto, (max-width: 1024px) 100vw, 1024px\" \/><\/figure>\n\n\n\n<p>Entdecke die Welt des semipermanenten Make-ups mit Lesigna&#8217;s umfassenden Schulungsb\u00fcchern. Von der H\u00e4rchenzeichnung \u00fcber die Pudertechnik bis zum Ombre-Stil \u2013 ihre Werke bieten praxisnahe Anleitungen und fundiertes Fachwissen f\u00fcr Anf\u00e4nger und Profis gleicherma\u00dfen. Ideal f\u00fcr alle, die ihre F\u00e4higkeiten auf das n\u00e4chste Level bringen wollen.<\/p>\n<\/div>\n\n\n\n<div class=\"wp-block-group alignfull has-background is-layout-constrained wp-container-core-group-is-layout-4 wp-block-group-is-layout-constrained\" id=\"reviews\" style=\"background-color:#d3b38c\">\n<h2 class=\"wp-block-heading\" style=\"font-size:30px\">Zertifikate und mehr: Dein Weg zum Beauty-Profi mit Lesigna<\/h2>\n\n\n\n<figure class=\"wp-block-image aligncenter size-full is-resized vintage-photo\"><img loading=\"lazy\" decoding=\"async\" width=\"800\" height=\"800\" src=\"https:\/\/lesigna.inktales.org\/wp-content\/uploads\/2024\/09\/3257018650.jpg\" alt=\"\" class=\"wp-image-124\" style=\"width:542px;height:auto\" srcset=\"https:\/\/lesigna.inktales.org\/wp-content\/uploads\/2024\/09\/3257018650.jpg 800w, https:\/\/lesigna.inktales.org\/wp-content\/uploads\/2024\/09\/3257018650-300x300.jpg 300w, https:\/\/lesigna.inktales.org\/wp-content\/uploads\/2024\/09\/3257018650-150x150.jpg 150w, https:\/\/lesigna.inktales.org\/wp-content\/uploads\/2024\/09\/3257018650-768x768.jpg 768w\" sizes=\"auto, (max-width: 800px) 100vw, 800px\" \/><\/figure>\n\n\n\n<div style=\"height:10px\" aria-hidden=\"true\" class=\"wp-block-spacer\"><\/div>\n\n\n\n<p class=\"has-text-align-center\" style=\"font-size:22px;line-height:1.6\">Lesigna bietet nicht nur erstklassige Schulungsunterlagen, sondern auch Zertifikate, die deinen Weg zum Profi im Kosmetikbereich besiegeln. Mit praxisorientierten Kursen und hochwertigen Materialien bereitest du dich optimal auf deine Karriere in der Beauty-Branche vor. Perfektioniere deine Techniken und erhalte Anerkennung f\u00fcr dein K\u00f6nnen \u2013 mit Lesigna bist du bestens ausgestattet!<\/p>\n<\/div>\n\n\n\n<div class=\"wp-block-group alignfull has-background is-layout-constrained wp-container-core-group-is-layout-5 wp-block-group-is-layout-constrained\" id=\"contact\" style=\"background:linear-gradient(35deg,rgb(211,179,140) 0%,rgb(241,224,202) 64%,rgb(211,179,140) 98%);padding-top:104px;padding-bottom:104px\">\n<h2 class=\"wp-block-heading has-text-align-center\" style=\"font-size:30px\">Lesigna \u2013 Dein Schl\u00fcssel zur Perfektion in der Beauty-Welt.<\/h2>\n\n\n\n<div class=\"wp-block-buttons alignwide is-horizontal is-content-justification-center is-layout-flex wp-container-core-buttons-is-layout-3 wp-block-buttons-is-layout-flex\" style=\"margin-top:50px\">\n<div class=\"wp-block-button\"><a class=\"wp-block-button__link wp-element-button\" href=\"https:\/\/www.lesigna.com\/shop-1\/\" target=\"_blank\" rel=\"noreferrer noopener\">Mehr erfahren<\/a><\/div>\n<\/div>\n<\/div>\n\n\n\n<p><\/p>\n","protected":false},"excerpt":{"rendered":"<p>Lesigna &#8211; Expertin f\u00fcr Kosmetik-Schulungsb\u00fccher Lesigna ist eine erfahrene Autorin, die sich auf Kosmetik-Schulungsb\u00fccher spezialisiert hat. Ihre Werke bieten detaillierte [&hellip;]<\/p>\n","protected":false},"author":1,"featured_media":0,"parent":0,"menu_order":0,"comment_status":"closed","ping_status":"closed","template":"","meta":{"site-sidebar-layout":"no-sidebar","site-content-layout":"plain-container","ast-site-content-layout":"","site-content-style":"default","site-sidebar-style":"default","ast-global-header-display":"","ast-banner-title-visibility":"","ast-main-header-display":"","ast-hfb-above-header-display":"","ast-hfb-below-header-display":"","ast-hfb-mobile-header-display":"","site-post-title":"disabled","ast-breadcrumbs-content":"","ast-featured-img":"","footer-sml-layout":"","theme-transparent-header-meta":"enabled","adv-header-id-meta":"","stick-header-meta":"","header-above-stick-meta":"","header-main-stick-meta":"","header-below-stick-meta":"","astra-migrate-meta-layouts":"default","ast-page-background-enabled":"default","ast-page-background-meta":{"desktop":{"background-color":"var(--ast-global-color-4)","background-image":"","background-repeat":"repeat","background-position":"center center","background-size":"auto","background-attachment":"scroll","background-type":"","background-media":"","overlay-type":"","overlay-color":"","overlay-opacity":"","overlay-gradient":""},"tablet":{"background-color":"","background-image":"","background-repeat":"repeat","background-position":"center center","background-size":"auto","background-attachment":"scroll","background-type":"","background-media":"","overlay-type":"","overlay-color":"","overlay-opacity":"","overlay-gradient":""},"mobile":{"background-color":"","background-image":"","background-repeat":"repeat","background-position":"center center","background-size":"auto","background-attachment":"scroll","background-type":"","background-media":"","overlay-type":"","overlay-color":"","overlay-opacity":"","overlay-gradient":""}},"ast-content-background-meta":{"desktop":{"background-color":"var(--ast-global-color-5)","background-image":"","background-repeat":"repeat","background-position":"center center","background-size":"auto","background-attachment":"scroll","background-type":"","background-media":"","overlay-type":"","overlay-color":"","overlay-opacity":"","overlay-gradient":""},"tablet":{"background-color":"var(--ast-global-color-5)","background-image":"","background-repeat":"repeat","background-position":"center center","background-size":"auto","background-attachment":"scroll","background-type":"","background-media":"","overlay-type":"","overlay-color":"","overlay-opacity":"","overlay-gradient":""},"mobile":{"background-color":"var(--ast-global-color-5)","background-image":"","background-repeat":"repeat","background-position":"center center","background-size":"auto","background-attachment":"scroll","background-type":"","background-media":"","overlay-type":"","overlay-color":"","overlay-opacity":"","overlay-gradient":""}},"footnotes":""},"class_list":["post-9","page","type-page","status-publish","hentry"],"_links":{"self":[{"href":"https:\/\/lesigna.inktales.org\/index.php?rest_route=\/wp\/v2\/pages\/9","targetHints":{"allow":["GET"]}}],"collection":[{"href":"https:\/\/lesigna.inktales.org\/index.php?rest_route=\/wp\/v2\/pages"}],"about":[{"href":"https:\/\/lesigna.inktales.org\/index.php?rest_route=\/wp\/v2\/types\/page"}],"author":[{"embeddable":true,"href":"https:\/\/lesigna.inktales.org\/index.php?rest_route=\/wp\/v2\/users\/1"}],"replies":[{"embeddable":true,"href":"https:\/\/lesigna.inktales.org\/index.php?rest_route=%2Fwp%2Fv2%2Fcomments&post=9"}],"version-history":[{"count":48,"href":"https:\/\/lesigna.inktales.org\/index.php?rest_route=\/wp\/v2\/pages\/9\/revisions"}],"predecessor-version":[{"id":126,"href":"https:\/\/lesigna.inktales.org\/index.php?rest_route=\/wp\/v2\/pages\/9\/revisions\/126"}],"wp:attachment":[{"href":"https:\/\/lesigna.inktales.org\/index.php?rest_route=%2Fwp%2Fv2%2Fmedia&parent=9"}],"curies":[{"name":"wp","href":"https:\/\/api.w.org\/{rel}","templated":true}]}}